{"id":19,"date":"2023-07-09T21:03:40","date_gmt":"2023-07-10T02:03:40","guid":{"rendered":"http:\/\/drlascanourologo.com\/index.php\/contact\/"},"modified":"2025-08-17T12:30:17","modified_gmt":"2025-08-17T17:30:17","slug":"contact","status":"publish","type":"page","link":"https:\/\/drlascanourologo.com\/index.php\/contact\/","title":{"rendered":"Contacto"},"content":{"rendered":"<aside class=\"widget widget_text wow fadeInUp animated animated\" data-wow-delay=\"100ms\">\r\n<div class=\"textwidget\">\r\n<p>Gracias por tu inter\u00e9s a continuaci\u00f3n colocamos los n\u00fameros de tel\u00e9fono y direcciones donde puedes agendar tu cita.<\/p>\r\n<h2>Centro Medico Meditropoli Quito<\/h2>\r\n<p><img loading=\"lazy\" decoding=\"async\" class=\"wp-image-131 alignleft\" src=\"http:\/\/drlascanourologo.com\/wp-content\/uploads\/2025\/08\/Centro-medico-meditropoli-2025-300x226.webp\" alt=\"\" width=\"529\" height=\"399\" srcset=\"https:\/\/drlascanourologo.com\/wp-content\/uploads\/2025\/08\/Centro-medico-meditropoli-2025-300x226.webp 300w, https:\/\/drlascanourologo.com\/wp-content\/uploads\/2025\/08\/Centro-medico-meditropoli-2025-1024x770.webp 1024w, https:\/\/drlascanourologo.com\/wp-content\/uploads\/2025\/08\/Centro-medico-meditropoli-2025-768x578.webp 768w, https:\/\/drlascanourologo.com\/wp-content\/uploads\/2025\/08\/Centro-medico-meditropoli-2025.webp 1280w\" sizes=\"auto, (max-width: 529px) 100vw, 529px\" \/><\/p>\r\n<p>Av. Mariana de Jesus oe8a y Arteta. Piso 6. Ofic 615.<br \/>Frente al hospital Metropolitano de Quito.<br \/>Como llegar.\u00a0<a href=\"https:\/\/goo.gl\/maps\/n8k81jxuftLEdeA88\">Haz click aqui<\/a><br \/>Telefono: +593 &#8211;\u00a0<a href=\"https:\/\/wa.me\/593988493569\">988493569<\/a><\/p>\r\n<\/div>\r\n<\/aside>\r\n<aside class=\"widget widget_text wow fadeInUp animated animated\" data-wow-delay=\"100ms\">\r\n<div class=\"\">\r\n<h2 class=\"widget-title\">Hospital Santa Ines Ambato Ecuador<\/h2>\r\n<\/div>\r\n<div class=\"textwidget\">\r\n<p><img loading=\"lazy\" decoding=\"async\" class=\"alignnone \" src=\"https:\/\/ambato.sisantaines.com\/wp-content\/uploads\/2018\/07\/DSC_6403-min-1.jpg\" alt=\"Consultorio Dr Lascano Urtologo Ambato Ecuador\" width=\"531\" height=\"353\" \/><\/p>\r\n<p>Hospital Santa Ines Ambato<br \/>Calle Pareja Diezcanseco y Bolivar sevilla. Esquina. Hospital Santa Ines Ambato. 2do Piso.<br \/>Como llegar?\u00a0<a href=\"https:\/\/goo.gl\/maps\/ZCBa3EwrP61cNMpU9\">Haz click aqui<\/a><br \/>Telefono fijo +593 &#8211; 32417070<br \/>Telefono movil +593 &#8211;\u00a0<a href=\"https:\/\/wa.me\/593987470733\">987470733\u00a0<\/a><\/p>\r\n<\/div>\r\n<\/aside>\r\n\r\n\r\n","protected":false},"excerpt":{"rendered":"<p>Gracias por tu inter\u00e9s a continuaci\u00f3n colocamos los n\u00fameros de tel\u00e9fono y direcciones donde puedes agendar tu cita. Centro Medico Meditropoli Quito Av. Mariana de Jesus oe8a y Arteta. Piso<\/p>\n<p><a href=\"https:\/\/drlascanourologo.com\/index.php\/contact\/\" class=\"more-link\">Continue reading<span class=\"screen-reader-text\">Contacto<\/span><\/a><\/p>\n","protected":false},"author":1,"featured_media":0,"parent":0,"menu_order":0,"comment_status":"closed","ping_status":"closed","template":"","meta":{"footnotes":""},"class_list":["post-19","page","type-page","status-publish","hentry"],"yoast_head":"<!-- This site is optimized with the Yoast SEO plugin v20.10 - https:\/\/yoast.com\/wordpress\/plugins\/seo\/ -->\n<title>Contacto - Dr Lascano Ur\u00f3logo Ecuador<\/title>\n<meta name=\"robots\" content=\"index, follow, max-snippet:-1, max-image-preview:large, max-video-preview:-1\" \/>\n<link rel=\"canonical\" href=\"https:\/\/drlascanourologo.com\/index.php\/contact\/\" \/>\n<meta property=\"og:locale\" content=\"es_ES\" \/>\n<meta property=\"og:type\" content=\"article\" \/>\n<meta property=\"og:title\" content=\"Contacto - Dr Lascano Ur\u00f3logo Ecuador\" \/>\n<meta property=\"og:description\" content=\"Gracias por tu inter\u00e9s a continuaci\u00f3n colocamos los n\u00fameros de tel\u00e9fono y direcciones donde puedes agendar tu cita. Centro Medico Meditropoli Quito Av. Mariana de Jesus oe8a y Arteta. PisoContinue readingContacto\" \/>\n<meta property=\"og:url\" content=\"https:\/\/drlascanourologo.com\/index.php\/contact\/\" \/>\n<meta property=\"og:site_name\" content=\"Dr Lascano Ur\u00f3logo Ecuador\" \/>\n<meta property=\"article:modified_time\" content=\"2025-08-17T17:30:17+00:00\" \/>\n<meta property=\"og:image\" content=\"http:\/\/drlascanourologo.com\/wp-content\/uploads\/2025\/08\/Centro-medico-meditropoli-2025-300x226.webp\" \/>\n<meta name=\"twitter:card\" content=\"summary_large_image\" \/>\n<meta name=\"twitter:label1\" content=\"Tiempo de lectura\" \/>\n\t<meta name=\"twitter:data1\" content=\"1 minuto\" \/>\n<script type=\"application\/ld+json\" class=\"yoast-schema-graph\">{\"@context\":\"https:\/\/schema.org\",\"@graph\":[{\"@type\":\"WebPage\",\"@id\":\"https:\/\/drlascanourologo.com\/index.php\/contact\/\",\"url\":\"https:\/\/drlascanourologo.com\/index.php\/contact\/\",\"name\":\"Contacto - Dr Lascano Ur\u00f3logo Ecuador\",\"isPartOf\":{\"@id\":\"https:\/\/drlascanourologo.com\/#website\"},\"datePublished\":\"2023-07-10T02:03:40+00:00\",\"dateModified\":\"2025-08-17T17:30:17+00:00\",\"breadcrumb\":{\"@id\":\"https:\/\/drlascanourologo.com\/index.php\/contact\/#breadcrumb\"},\"inLanguage\":\"es\",\"potentialAction\":[{\"@type\":\"ReadAction\",\"target\":[\"https:\/\/drlascanourologo.com\/index.php\/contact\/\"]}]},{\"@type\":\"BreadcrumbList\",\"@id\":\"https:\/\/drlascanourologo.com\/index.php\/contact\/#breadcrumb\",\"itemListElement\":[{\"@type\":\"ListItem\",\"position\":1,\"name\":\"Portada\",\"item\":\"https:\/\/drlascanourologo.com\/\"},{\"@type\":\"ListItem\",\"position\":2,\"name\":\"Contacto\"}]},{\"@type\":\"WebSite\",\"@id\":\"https:\/\/drlascanourologo.com\/#website\",\"url\":\"https:\/\/drlascanourologo.com\/\",\"name\":\"Dr Lascano Ur\u00f3logo Ecuador\",\"description\":\"Especialista en Urolog\u00eda, Litotricia y Cirug\u00eda Laser de Pr\u00f3stata (HoLep).\",\"potentialAction\":[{\"@type\":\"SearchAction\",\"target\":{\"@type\":\"EntryPoint\",\"urlTemplate\":\"https:\/\/drlascanourologo.com\/?s={search_term_string}\"},\"query-input\":\"required name=search_term_string\"}],\"inLanguage\":\"es\"}]}<\/script>\n<!-- \/ Yoast SEO plugin. -->","yoast_head_json":{"title":"Contacto - Dr Lascano Ur\u00f3logo Ecuador","robots":{"index":"index","follow":"follow","max-snippet":"max-snippet:-1","max-image-preview":"max-image-preview:large","max-video-preview":"max-video-preview:-1"},"canonical":"https:\/\/drlascanourologo.com\/index.php\/contact\/","og_locale":"es_ES","og_type":"article","og_title":"Contacto - Dr Lascano Ur\u00f3logo Ecuador","og_description":"Gracias por tu inter\u00e9s a continuaci\u00f3n colocamos los n\u00fameros de tel\u00e9fono y direcciones donde puedes agendar tu cita. Centro Medico Meditropoli Quito Av. Mariana de Jesus oe8a y Arteta. PisoContinue readingContacto","og_url":"https:\/\/drlascanourologo.com\/index.php\/contact\/","og_site_name":"Dr Lascano Ur\u00f3logo Ecuador","article_modified_time":"2025-08-17T17:30:17+00:00","og_image":[{"url":"http:\/\/drlascanourologo.com\/wp-content\/uploads\/2025\/08\/Centro-medico-meditropoli-2025-300x226.webp"}],"twitter_card":"summary_large_image","twitter_misc":{"Tiempo de lectura":"1 minuto"},"schema":{"@context":"https:\/\/schema.org","@graph":[{"@type":"WebPage","@id":"https:\/\/drlascanourologo.com\/index.php\/contact\/","url":"https:\/\/drlascanourologo.com\/index.php\/contact\/","name":"Contacto - Dr Lascano Ur\u00f3logo Ecuador","isPartOf":{"@id":"https:\/\/drlascanourologo.com\/#website"},"datePublished":"2023-07-10T02:03:40+00:00","dateModified":"2025-08-17T17:30:17+00:00","breadcrumb":{"@id":"https:\/\/drlascanourologo.com\/index.php\/contact\/#breadcrumb"},"inLanguage":"es","potentialAction":[{"@type":"ReadAction","target":["https:\/\/drlascanourologo.com\/index.php\/contact\/"]}]},{"@type":"BreadcrumbList","@id":"https:\/\/drlascanourologo.com\/index.php\/contact\/#breadcrumb","itemListElement":[{"@type":"ListItem","position":1,"name":"Portada","item":"https:\/\/drlascanourologo.com\/"},{"@type":"ListItem","position":2,"name":"Contacto"}]},{"@type":"WebSite","@id":"https:\/\/drlascanourologo.com\/#website","url":"https:\/\/drlascanourologo.com\/","name":"Dr Lascano Ur\u00f3logo Ecuador","description":"Especialista en Urolog\u00eda, Litotricia y Cirug\u00eda Laser de Pr\u00f3stata (HoLep).","potentialAction":[{"@type":"SearchAction","target":{"@type":"EntryPoint","urlTemplate":"https:\/\/drlascanourologo.com\/?s={search_term_string}"},"query-input":"required name=search_term_string"}],"inLanguage":"es"}]}},"_links":{"self":[{"href":"https:\/\/drlascanourologo.com\/index.php\/wp-json\/wp\/v2\/pages\/19","targetHints":{"allow":["GET"]}}],"collection":[{"href":"https:\/\/drlascanourologo.com\/index.php\/wp-json\/wp\/v2\/pages"}],"about":[{"href":"https:\/\/drlascanourologo.com\/index.php\/wp-json\/wp\/v2\/types\/page"}],"author":[{"embeddable":true,"href":"https:\/\/drlascanourologo.com\/index.php\/wp-json\/wp\/v2\/users\/1"}],"replies":[{"embeddable":true,"href":"https:\/\/drlascanourologo.com\/index.php\/wp-json\/wp\/v2\/comments?post=19"}],"version-history":[{"count":5,"href":"https:\/\/drlascanourologo.com\/index.php\/wp-json\/wp\/v2\/pages\/19\/revisions"}],"predecessor-version":[{"id":134,"href":"https:\/\/drlascanourologo.com\/index.php\/wp-json\/wp\/v2\/pages\/19\/revisions\/134"}],"wp:attachment":[{"href":"https:\/\/drlascanourologo.com\/index.php\/wp-json\/wp\/v2\/media?parent=19"}],"curies":[{"name":"wp","href":"https:\/\/api.w.org\/{rel}","templated":true}]}}